{"id":15,"date":"2021-02-02T10:22:23","date_gmt":"2021-02-02T09:22:23","guid":{"rendered":"https:\/\/cordonnerie-mauborget.ch\/?page_id=15"},"modified":"2021-02-04T17:05:04","modified_gmt":"2021-02-04T16:05:04","slug":"accueil","status":"publish","type":"page","link":"https:\/\/cordonnerie-mauborget.ch\/","title":{"rendered":"Accueil"},"content":{"rendered":"\t\t<div data-elementor-type=\"wp-page\" data-elementor-id=\"15\" class=\"elementor elementor-15\">\n\t\t\t\t\t\t<section class=\"elementor-section elementor-top-section elementor-element elementor-element-20dfb29 elementor-section-boxed elementor-section-height-default elementor-section-height-default\" data-id=\"20dfb29\" data-element_type=\"section\" data-e-type=\"section\">\n\t\t\t\t\t\t<div class=\"elementor-container elementor-column-gap-default\">\n\t\t\t\t\t<div class=\"elementor-column elementor-col-33 elementor-top-column elementor-element elementor-element-8469876\" data-id=\"8469876\" data-element_type=\"column\" data-e-type=\"column\">\n\t\t\t<div class=\"elementor-widget-wrap elementor-element-populated\">\n\t\t\t\t\t\t<div class=\"elementor-element elementor-element-8750b65 elementor-widget elementor-widget-image\" data-id=\"8750b65\" data-element_type=\"widget\" data-e-type=\"widget\" data-widget_type=\"image.default\">\n\t\t\t\t<div class=\"elementor-widget-container\">\n\t\t\t\t\t\t\t\t\t\t\t\t<figure class=\"wp-caption\">\n\t\t\t\t\t\t\t\t\t\t<img fetchpriority=\"high\" decoding=\"async\" width=\"540\" height=\"375\" src=\"https:\/\/cordonnerie-mauborget.ch\/wp-content\/uploads\/2021\/02\/Cordonnerie_1.jpg\" class=\"attachment-large size-large wp-image-39\" alt=\"\" srcset=\"https:\/\/cordonnerie-mauborget.ch\/wp-content\/uploads\/2021\/02\/Cordonnerie_1.jpg 540w, https:\/\/cordonnerie-mauborget.ch\/wp-content\/uploads\/2021\/02\/Cordonnerie_1-300x208.jpg 300w\" sizes=\"(max-width: 540px) 100vw, 540px\" \/>\t\t\t\t\t\t\t\t\t\t\t<figcaption class=\"widget-image-caption wp-caption-text\">CORDONNERIE<\/figcaption>\n\t\t\t\t\t\t\t\t\t\t<\/figure>\n\t\t\t\t\t\t\t\t\t<\/div>\n\t\t\t\t<\/div>\n\t\t\t\t\t<\/div>\n\t\t<\/div>\n\t\t\t\t<div class=\"elementor-column elementor-col-33 elementor-top-column elementor-element elementor-element-6d0c299\" data-id=\"6d0c299\" data-element_type=\"column\" data-e-type=\"column\">\n\t\t\t<div class=\"elementor-widget-wrap elementor-element-populated\">\n\t\t\t\t\t\t<div class=\"elementor-element elementor-element-835c35f elementor-widget elementor-widget-image\" data-id=\"835c35f\" data-element_type=\"widget\" data-e-type=\"widget\" data-widget_type=\"image.default\">\n\t\t\t\t<div class=\"elementor-widget-container\">\n\t\t\t\t\t\t\t\t\t\t\t\t<figure class=\"wp-caption\">\n\t\t\t\t\t\t\t\t\t\t<img decoding=\"async\" width=\"540\" height=\"375\" src=\"https:\/\/cordonnerie-mauborget.ch\/wp-content\/uploads\/2021\/02\/Reproduction-De-Cles-1.jpg\" class=\"attachment-large size-large wp-image-42\" alt=\"\" srcset=\"https:\/\/cordonnerie-mauborget.ch\/wp-content\/uploads\/2021\/02\/Reproduction-De-Cles-1.jpg 540w, https:\/\/cordonnerie-mauborget.ch\/wp-content\/uploads\/2021\/02\/Reproduction-De-Cles-1-300x208.jpg 300w\" sizes=\"(max-width: 540px) 100vw, 540px\" \/>\t\t\t\t\t\t\t\t\t\t\t<figcaption class=\"widget-image-caption wp-caption-text\">REPRODUCTION DE CLES<\/figcaption>\n\t\t\t\t\t\t\t\t\t\t<\/figure>\n\t\t\t\t\t\t\t\t\t<\/div>\n\t\t\t\t<\/div>\n\t\t\t\t\t<\/div>\n\t\t<\/div>\n\t\t\t\t<div class=\"elementor-column elementor-col-33 elementor-top-column elementor-element elementor-element-c761645\" data-id=\"c761645\" data-element_type=\"column\" data-e-type=\"column\">\n\t\t\t<div class=\"elementor-widget-wrap elementor-element-populated\">\n\t\t\t\t\t\t<div class=\"elementor-element elementor-element-b428e02 elementor-widget elementor-widget-image\" data-id=\"b428e02\" data-element_type=\"widget\" data-e-type=\"widget\" data-widget_type=\"image.default\">\n\t\t\t\t<div class=\"elementor-widget-container\">\n\t\t\t\t\t\t\t\t\t\t\t\t<figure class=\"wp-caption\">\n\t\t\t\t\t\t\t\t\t\t<img decoding=\"async\" width=\"540\" height=\"375\" src=\"https:\/\/cordonnerie-mauborget.ch\/wp-content\/uploads\/2021\/02\/Gravure.jpg\" class=\"attachment-large size-large wp-image-41\" alt=\"\" srcset=\"https:\/\/cordonnerie-mauborget.ch\/wp-content\/uploads\/2021\/02\/Gravure.jpg 540w, https:\/\/cordonnerie-mauborget.ch\/wp-content\/uploads\/2021\/02\/Gravure-300x208.jpg 300w\" sizes=\"(max-width: 540px) 100vw, 540px\" \/>\t\t\t\t\t\t\t\t\t\t\t<figcaption class=\"widget-image-caption wp-caption-text\">GRAVURES, TAMPONS<\/figcaption>\n\t\t\t\t\t\t\t\t\t\t<\/figure>\n\t\t\t\t\t\t\t\t\t<\/div>\n\t\t\t\t<\/div>\n\t\t\t\t\t<\/div>\n\t\t<\/div>\n\t\t\t\t\t<\/div>\n\t\t<\/section>\n\t\t\t\t<section class=\"elementor-section elementor-top-section elementor-element elementor-element-17ba679 elementor-section-boxed elementor-section-height-default elementor-section-height-default\" data-id=\"17ba679\" data-element_type=\"section\" data-e-type=\"section\">\n\t\t\t\t\t\t<div class=\"elementor-container elementor-column-gap-default\">\n\t\t\t\t\t<div class=\"elementor-column elementor-col-100 elementor-top-column elementor-element elementor-element-108201c\" data-id=\"108201c\" data-element_type=\"column\" data-e-type=\"column\">\n\t\t\t<div class=\"elementor-widget-wrap elementor-element-populated\">\n\t\t\t\t\t\t<div class=\"elementor-element elementor-element-2ea2c65 elementor-widget elementor-widget-text-editor\" data-id=\"2ea2c65\" data-element_type=\"widget\" data-e-type=\"widget\" data-widget_type=\"text-editor.default\">\n\t\t\t\t<div class=\"elementor-widget-container\">\n\t\t\t\t\t\t\t\t\t<h1><span style=\"text-decoration: underline;\"><em><strong>A VOTRE SERVICE DEPUIS PLUS DE 30 ANS<\/strong><\/em><\/span><\/h1><div class=\"section-title-area\"><div class=\"section-desc\"><p><em>Depuis 30 ans, votre cordonnier r\u00e9alise la r\u00e9paration et le ressemelage de vos chaussures ainsi que le remplacement des talons, des patins, mais aussi des talonnettes et des bons-bouts et la pose de fermetures. De plus, la boutique effectue la reproduction de tous les types de cl\u00e9s, la gravure de plaques et la r\u00e9alisation ou la reproduction de tous les types de tampons. Elle vend aussi des espadrilles.<\/em><\/p><\/div><\/div><div class=\"row\"><div class=\"col-lg-6 col-sm-6 wow slideInUp\"><div class=\"about-image\"><\/div><\/div><\/div>\t\t\t\t\t\t\t\t<\/div>\n\t\t\t\t<\/div>\n\t\t\t\t\t<\/div>\n\t\t<\/div>\n\t\t\t\t\t<\/div>\n\t\t<\/section>\n\t\t\t\t<section class=\"elementor-section elementor-top-section elementor-element elementor-element-923ecef elementor-section-boxed elementor-section-height-default elementor-section-height-default\" data-id=\"923ecef\" data-element_type=\"section\" data-e-type=\"section\">\n\t\t\t\t\t\t<div class=\"elementor-container elementor-column-gap-default\">\n\t\t\t\t\t<div class=\"elementor-column elementor-col-50 elementor-top-column elementor-element elementor-element-7f20c13\" data-id=\"7f20c13\" data-element_type=\"column\" data-e-type=\"column\">\n\t\t\t<div class=\"elementor-widget-wrap elementor-element-populated\">\n\t\t\t\t\t\t<div class=\"elementor-element elementor-element-0d2dd43 elementor-widget elementor-widget-image\" data-id=\"0d2dd43\" data-element_type=\"widget\" data-e-type=\"widget\" data-widget_type=\"image.default\">\n\t\t\t\t<div class=\"elementor-widget-container\">\n\t\t\t\t\t\t\t\t\t\t\t\t\t\t\t<img loading=\"lazy\" decoding=\"async\" width=\"480\" height=\"300\" src=\"https:\/\/cordonnerie-mauborget.ch\/wp-content\/uploads\/2021\/02\/IMG_0466-480x300-1.jpg\" class=\"attachment-large size-large wp-image-49\" alt=\"\" srcset=\"https:\/\/cordonnerie-mauborget.ch\/wp-content\/uploads\/2021\/02\/IMG_0466-480x300-1.jpg 480w, https:\/\/cordonnerie-mauborget.ch\/wp-content\/uploads\/2021\/02\/IMG_0466-480x300-1-300x188.jpg 300w\" sizes=\"(max-width: 480px) 100vw, 480px\" \/>\t\t\t\t\t\t\t\t\t\t\t\t\t\t\t<\/div>\n\t\t\t\t<\/div>\n\t\t\t\t\t<\/div>\n\t\t<\/div>\n\t\t\t\t<div class=\"elementor-column elementor-col-50 elementor-top-column elementor-element elementor-element-6c45870\" data-id=\"6c45870\" data-element_type=\"column\" data-e-type=\"column\">\n\t\t\t<div class=\"elementor-widget-wrap elementor-element-populated\">\n\t\t\t\t\t\t<div class=\"elementor-element elementor-element-ee69cfc elementor-widget elementor-widget-image\" data-id=\"ee69cfc\" data-element_type=\"widget\" data-e-type=\"widget\" data-widget_type=\"image.default\">\n\t\t\t\t<div class=\"elementor-widget-container\">\n\t\t\t\t\t\t\t\t\t\t\t\t\t\t\t<img loading=\"lazy\" decoding=\"async\" width=\"540\" height=\"368\" src=\"https:\/\/cordonnerie-mauborget.ch\/wp-content\/uploads\/2021\/02\/Notre_vision.jpg\" class=\"attachment-large size-large wp-image-55\" alt=\"\" srcset=\"https:\/\/cordonnerie-mauborget.ch\/wp-content\/uploads\/2021\/02\/Notre_vision.jpg 540w, https:\/\/cordonnerie-mauborget.ch\/wp-content\/uploads\/2021\/02\/Notre_vision-300x204.jpg 300w\" sizes=\"(max-width: 540px) 100vw, 540px\" \/>\t\t\t\t\t\t\t\t\t\t\t\t\t\t\t<\/div>\n\t\t\t\t<\/div>\n\t\t\t\t\t<\/div>\n\t\t<\/div>\n\t\t\t\t\t<\/div>\n\t\t<\/section>\n\t\t\t\t<section class=\"elementor-section elementor-top-section elementor-element elementor-element-c5c50c8 elementor-section-boxed elementor-section-height-default elementor-section-height-default\" data-id=\"c5c50c8\" data-element_type=\"section\" data-e-type=\"section\">\n\t\t\t\t\t\t<div class=\"elementor-container elementor-column-gap-default\">\n\t\t\t\t\t<div class=\"elementor-column elementor-col-50 elementor-top-column elementor-element elementor-element-2f58a86\" data-id=\"2f58a86\" data-element_type=\"column\" data-e-type=\"column\">\n\t\t\t<div class=\"elementor-widget-wrap elementor-element-populated\">\n\t\t\t\t\t\t<div class=\"elementor-element elementor-element-7fb53cd elementor-widget elementor-widget-text-editor\" data-id=\"7fb53cd\" data-element_type=\"widget\" data-e-type=\"widget\" data-widget_type=\"text-editor.default\">\n\t\t\t\t<div class=\"elementor-widget-container\">\n\t\t\t\t\t\t\t\t\t<p><span style=\"text-decoration: underline;\"><strong>Notre Histoire<\/strong><\/span><\/p><p><em>Sedat Ozkan, originaire de Istanbul, en Turquie, commen\u00e7a d\u00e8s l\u2019\u00e2ge de 11 ans sa formation de bottier dans son pays natal avant de poursuivre en 1977 son apprentissage de cordonnier \u00e0 Lausanne.<\/em><\/p><p><em>A l\u2019\u00e2ge de 22 ans, il fonde son propre atelier de cordonnerie \u00e0 Lausanne, dans le quartier de Vinet. Et se d\u00e9place par la suite au centre ville de Lausanne pour ouvrir son magasin\u00a0<a href=\"https:\/\/www.cordonnerie-mauborget.ch\/\"><strong>Cordonnerie Mauborget<\/strong><\/a>, o\u00f9 il a par la suite form\u00e9 son fils Sercan \u00e0 ce m\u00e9tier, qui a son tour ouvert un nouveau magasin de cordonnerie \u00e0 Beau-S\u00e9jour.<\/em><\/p>\t\t\t\t\t\t\t\t<\/div>\n\t\t\t\t<\/div>\n\t\t\t\t\t<\/div>\n\t\t<\/div>\n\t\t\t\t<div class=\"elementor-column elementor-col-50 elementor-top-column elementor-element elementor-element-3d5585a\" data-id=\"3d5585a\" data-element_type=\"column\" data-e-type=\"column\">\n\t\t\t<div class=\"elementor-widget-wrap elementor-element-populated\">\n\t\t\t\t\t\t<div class=\"elementor-element elementor-element-e765f54 elementor-widget elementor-widget-text-editor\" data-id=\"e765f54\" data-element_type=\"widget\" data-e-type=\"widget\" data-widget_type=\"text-editor.default\">\n\t\t\t\t<div class=\"elementor-widget-container\">\n\t\t\t\t\t\t\t\t\t<p><span style=\"text-decoration: underline;\"><strong>Notre Vision<\/strong><\/span><\/p><p><em>Depuis, le cordonnier de\u00a0Mauborget\u00a0et de\u00a0Beau-S\u00e9jour\u00a0dispose non seulement\u00a0d\u2019un service d\u2019entretien et de r\u00e9paration de chaussures &amp; sac\u00a0de toutes les\u00a0gammes, mais aussi des services de gravure diverse et la duplication de cl\u00e9s en tout genre. Et divers travaux de r\u00e9paration &amp; de vente.<\/em><\/p><blockquote><p><strong>Les chaussures que vous allez porter doivent \u00eatre choisies avec le plus grand soin. Trop de femmes pensent que cela n\u2019a pas d\u2019importance, alors que la v\u00e9ritable preuve de leur \u00e9l\u00e9gance se trouve dans leurs souliers.<\/strong><\/p><\/blockquote>\t\t\t\t\t\t\t\t<\/div>\n\t\t\t\t<\/div>\n\t\t\t\t\t<\/div>\n\t\t<\/div>\n\t\t\t\t\t<\/div>\n\t\t<\/section>\n\t\t\t\t<section class=\"elementor-section elementor-top-section elementor-element elementor-element-be5ee89 elementor-section-boxed elementor-section-height-default elementor-section-height-default\" data-id=\"be5ee89\" data-element_type=\"section\" data-e-type=\"section\">\n\t\t\t\t\t\t<div class=\"elementor-container elementor-column-gap-default\">\n\t\t\t\t\t<div class=\"elementor-column elementor-col-100 elementor-top-column elementor-element elementor-element-eedc848\" data-id=\"eedc848\" data-element_type=\"column\" data-e-type=\"column\">\n\t\t\t<div class=\"elementor-widget-wrap elementor-element-populated\">\n\t\t\t\t\t\t<div class=\"elementor-element elementor-element-7f16ea5 elementor-widget elementor-widget-testimonial\" data-id=\"7f16ea5\" data-element_type=\"widget\" data-e-type=\"widget\" data-widget_type=\"testimonial.default\">\n\t\t\t\t<div class=\"elementor-widget-container\">\n\t\t\t\t\t\t\t<div class=\"elementor-testimonial-wrapper\">\n\t\t\t\n\t\t\t\t\t\t<div class=\"elementor-testimonial-meta elementor-has-image elementor-testimonial-image-position-top\">\n\t\t\t\t<div class=\"elementor-testimonial-meta-inner\">\n\t\t\t\t\t\t\t\t\t\t\t<div class=\"elementor-testimonial-image\">\n\t\t\t\t\t\t\t<a href=\"https:\/\/www.google.com\/search?q=cordonnerie+mauborget&#038;rlz=1C5CHFA_enCH928CH928&#038;oq=cordonnerie+mauborget&#038;aqs=chrome..69i57j69i60l3.5707j0j7&#038;sourceid=chrome&#038;ie=UTF-8#lrd=0x478c2e2e1344ef89:0xd64de9827ae7f311,1,,,\"><img loading=\"lazy\" decoding=\"async\" width=\"540\" height=\"368\" src=\"https:\/\/cordonnerie-mauborget.ch\/wp-content\/uploads\/2021\/02\/notre_histoire.jpg\" class=\"attachment-full size-full wp-image-50\" alt=\"\" srcset=\"https:\/\/cordonnerie-mauborget.ch\/wp-content\/uploads\/2021\/02\/notre_histoire.jpg 540w, https:\/\/cordonnerie-mauborget.ch\/wp-content\/uploads\/2021\/02\/notre_histoire-300x204.jpg 300w\" sizes=\"(max-width: 540px) 100vw, 540px\" \/><\/a>\t\t\t\t\t\t<\/div>\n\t\t\t\t\t\n\t\t\t\t\t\t\t\t\t\t<div class=\"elementor-testimonial-details\">\n\t\t\t\t\t\t\t\t\t\t\t\t\t\t<a class=\"elementor-testimonial-name\" href=\"https:\/\/www.google.com\/search?q=cordonnerie+mauborget&#038;rlz=1C5CHFA_enCH928CH928&#038;oq=cordonnerie+mauborget&#038;aqs=chrome..69i57j69i60l3.5707j0j7&#038;sourceid=chrome&#038;ie=UTF-8#lrd=0x478c2e2e1344ef89:0xd64de9827ae7f311,1,,,\">Cordonnerie<\/a>\n\t\t\t\t\t\t\t\t\t\t\t\t\t\t\t\t\t\t\t\t\t\t<a class=\"elementor-testimonial-job\" href=\"https:\/\/www.google.com\/search?q=cordonnerie+mauborget&#038;rlz=1C5CHFA_enCH928CH928&#038;oq=cordonnerie+mauborget&#038;aqs=chrome..69i57j69i60l3.5707j0j7&#038;sourceid=chrome&#038;ie=UTF-8#lrd=0x478c2e2e1344ef89:0xd64de9827ae7f311,1,,,\">Mauborget<\/a>\n\t\t\t\t\t\t\t\t\t\t\t\t\t<\/div>\n\t\t\t\t\t\t\t\t\t<\/div>\n\t\t\t<\/div>\n\t\t\t\t\t<\/div>\n\t\t\t\t\t\t<\/div>\n\t\t\t\t<\/div>\n\t\t\t\t\t<\/div>\n\t\t<\/div>\n\t\t\t\t\t<\/div>\n\t\t<\/section>\n\t\t\t\t<\/div>\n\t\t","protected":false},"excerpt":{"rendered":"<p>CORDONNERIE REPRODUCTION DE CLES GRAVURES, TAMPONS A VOTRE SERVICE DEPUIS PLUS DE 30 ANS Depuis 30 ans, votre cordonnier r\u00e9alise la r\u00e9paration et le ressemelage de vos chaussures ainsi que le remplacement des talons, des patins, mais aussi des talonnettes et des bons-bouts et la pose de fermetures. De plus, [&hellip;]<\/p>\n","protected":false},"author":1,"featured_media":19,"parent":0,"menu_order":0,"comment_status":"closed","ping_status":"closed","template":"","meta":{"footnotes":""},"class_list":["post-15","page","type-page","status-publish","has-post-thumbnail","hentry"],"_links":{"self":[{"href":"https:\/\/cordonnerie-mauborget.ch\/index.php\/wp-json\/wp\/v2\/pages\/15","targetHints":{"allow":["GET"]}}],"collection":[{"href":"https:\/\/cordonnerie-mauborget.ch\/index.php\/wp-json\/wp\/v2\/pages"}],"about":[{"href":"https:\/\/cordonnerie-mauborget.ch\/index.php\/wp-json\/wp\/v2\/types\/page"}],"author":[{"embeddable":true,"href":"https:\/\/cordonnerie-mauborget.ch\/index.php\/wp-json\/wp\/v2\/users\/1"}],"replies":[{"embeddable":true,"href":"https:\/\/cordonnerie-mauborget.ch\/index.php\/wp-json\/wp\/v2\/comments?post=15"}],"version-history":[{"count":56,"href":"https:\/\/cordonnerie-mauborget.ch\/index.php\/wp-json\/wp\/v2\/pages\/15\/revisions"}],"predecessor-version":[{"id":237,"href":"https:\/\/cordonnerie-mauborget.ch\/index.php\/wp-json\/wp\/v2\/pages\/15\/revisions\/237"}],"wp:featuredmedia":[{"embeddable":true,"href":"https:\/\/cordonnerie-mauborget.ch\/index.php\/wp-json\/wp\/v2\/media\/19"}],"wp:attachment":[{"href":"https:\/\/cordonnerie-mauborget.ch\/index.php\/wp-json\/wp\/v2\/media?parent=15"}],"curies":[{"name":"wp","href":"https:\/\/api.w.org\/{rel}","templated":true}]}}